{"id":3,"date":"2024-03-28T15:43:25","date_gmt":"2024-03-28T14:43:25","guid":{"rendered":"http:\/\/espacerameaux.com\/?page_id=3"},"modified":"2024-07-30T14:39:02","modified_gmt":"2024-07-30T12:39:02","slug":"politique-de-confidentialite","status":"publish","type":"page","link":"https:\/\/espacerameaux.com\/index.php\/politique-de-confidentialite\/","title":{"rendered":"Politique de confidentialit\u00e9"},"content":{"rendered":"\n<h2 class=\"wp-block-heading\">Qui sommes-nous&nbsp;?<\/h2>\n\n\n\n<p><strong class=\"privacy-policy-tutorial\"> <\/strong>Nous somme Obatala association loi 1901 \/ Pr\u00e9sident : Louis CLARA<br>num\u00e9ro de t\u00e9l\u00e9phone : 06 66 03 19 19<\/p>\n\n\n\n<p>adresse mail : espacerameaux@gmail.com<\/p>\n\n\n\n<p>L\u2019adresse de notre site est&nbsp;: https:\/\/espacerameaux.com.<\/p>\n\n\n\n<p>L&rsquo;Espace Robert Rameaux se trouve au 224 Av. Hoff, 01300 Belley<\/p>\n\n\n\n<p>Le site est h\u00e9b\u00e9rg\u00e9 sous WordPress et OVH<\/p>\n\n\n\n<p>t\u00e9l\u00e9phone WordPress : <strong>09 54 43 67 20<\/strong><\/p>\n\n\n\n<p>adresse : San Francisco, CA 94110<\/p>\n\n\n\n<div data-wp-interactive=\"core\/file\" class=\"wp-block-file\"><object data-wp-bind--hidden=\"!state.hasPdfPreview\" hidden class=\"wp-block-file__embed\" data=\"https:\/\/espacerameaux.com\/wp-content\/uploads\/2024\/07\/FICHE-TECHNIQUE-Espace-RAMEAUX-202425-1.pdf\" type=\"application\/pdf\" style=\"width:100%;height:600px\" aria-label=\"Contenu embarqu\u00e9 FICHE TECHNIQUE Espace RAMEAUX 202425-1.\"><\/object><a id=\"wp-block-file--media-5cf8ae16-fe39-4dfa-ab20-78e58b0bee1c\" href=\"https:\/\/espacerameaux.com\/wp-content\/uploads\/2024\/07\/FICHE-TECHNIQUE-Espace-RAMEAUX-202425-1.pdf\" target=\"_blank\" rel=\"noreferrer noopener\">FICHE TECHNIQUE Espace RAMEAUX 202425-1<\/a><a href=\"https:\/\/espacerameaux.com\/wp-content\/uploads\/2024\/07\/FICHE-TECHNIQUE-Espace-RAMEAUX-202425-1.pdf\" class=\"wp-block-file__button wp-element-button\" download aria-describedby=\"wp-block-file--media-5cf8ae16-fe39-4dfa-ab20-78e58b0bee1c\">T\u00e9l\u00e9charger<\/a><\/div>\n","protected":false},"excerpt":{"rendered":"<p>Qui sommes-nous&nbsp;? Nous somme Obatala association loi 1901 \/ Pr\u00e9sident : Louis CLARAnum\u00e9ro de t\u00e9l\u00e9phone : 06 66 03 19 19 adresse mail : espacerameaux@gmail.com L\u2019adresse de notre site est&nbsp;: https:\/\/espacerameaux.com. L&rsquo;Espace Robert Rameaux se trouve au 224 Av. Hoff, 01300 Belley Le site est h\u00e9b\u00e9rg\u00e9 sous WordPress et OVH t\u00e9l\u00e9phone WordPress : 09 54&hellip; <br \/> <a class=\"read-more\" href=\"https:\/\/espacerameaux.com\/index.php\/politique-de-confidentialite\/\">Lire la suite<\/a><\/p>\n","protected":false},"author":1,"featured_media":0,"parent":0,"menu_order":0,"comment_status":"closed","ping_status":"open","template":"","meta":{"footnotes":""},"class_list":["post-3","page","type-page","status-publish","hentry"],"_links":{"self":[{"href":"https:\/\/espacerameaux.com\/index.php\/wp-json\/wp\/v2\/pages\/3","targetHints":{"allow":["GET"]}}],"collection":[{"href":"https:\/\/espacerameaux.com\/index.php\/wp-json\/wp\/v2\/pages"}],"about":[{"href":"https:\/\/espacerameaux.com\/index.php\/wp-json\/wp\/v2\/types\/page"}],"author":[{"embeddable":true,"href":"https:\/\/espacerameaux.com\/index.php\/wp-json\/wp\/v2\/users\/1"}],"replies":[{"embeddable":true,"href":"https:\/\/espacerameaux.com\/index.php\/wp-json\/wp\/v2\/comments?post=3"}],"version-history":[{"count":4,"href":"https:\/\/espacerameaux.com\/index.php\/wp-json\/wp\/v2\/pages\/3\/revisions"}],"predecessor-version":[{"id":1754,"href":"https:\/\/espacerameaux.com\/index.php\/wp-json\/wp\/v2\/pages\/3\/revisions\/1754"}],"wp:attachment":[{"href":"https:\/\/espacerameaux.com\/index.php\/wp-json\/wp\/v2\/media?parent=3"}],"curies":[{"name":"wp","href":"https:\/\/api.w.org\/{rel}","templated":true}]}}